{"id":59,"date":"2021-07-11T13:56:16","date_gmt":"2021-07-11T11:56:16","guid":{"rendered":"https:\/\/silvajp.web.amu.edu.pl\/?page_id=59"},"modified":"2025-02-13T13:09:12","modified_gmt":"2025-02-13T12:09:12","slug":"contact","status":"publish","type":"page","link":"https:\/\/silvajp.web.amu.edu.pl\/index.php\/contact\/","title":{"rendered":"Contact"},"content":{"rendered":"\n<p>Uniwersytet im. Adama Mickiewicza w Poznaniu,<br>Instytut Orientalistyki,<br>Zak\u0142ad Japonistyki,<br>Grunwaldzka 6,<br>60-780 Pozna\u0144<br>Poland<\/p>\n\n\n\n<p>Principal Contact<\/p>\n\n\n\n<p><em>Silva Iaponicarum<\/em><br>Adam Mickiewicz University in Pozna\u0144<br>Phone +48 61 829 2915<br><a href=\"mailto:silva.iaponicarum.quarterly@gmail.com\">silva.iaponicarum.quarterly@gmail.com<\/a><\/p>\n\n\n\n<p><a href=\"https:\/\/www.facebook.com\/silvaiaponicarum\">Facebook<\/a><\/p>\n\n\n\n<h6 class=\"wp-block-heading\">PUBLISHER<\/h6>\n\n\n\n<p>Adam Mickiewicz University in Pozna\u0144<br>Institute of Oriental Studies<\/p>\n","protected":false},"excerpt":{"rendered":"<p>Uniwersytet im. Adama Mickiewicza w Poznaniu,Instytut Orientalistyki,Zak\u0142ad Japonistyki,Grunwaldzka 6,60-780 Pozna\u0144Poland Principal Contact Silva IaponicarumAdam Mickiewicz University in Pozna\u0144Phone +48 61 829 2915silva.iaponicarum.quarterly@gmail.com Facebook PUBLISHER Adam Mickiewicz University in Pozna\u0144Institute of Oriental Studies<\/p>\n","protected":false},"author":1,"featured_media":0,"parent":0,"menu_order":0,"comment_status":"closed","ping_status":"closed","template":"templates\/template-full-width.php","meta":{"footnotes":""},"class_list":["post-59","page","type-page","status-publish","hentry"],"_links":{"self":[{"href":"https:\/\/silvajp.web.amu.edu.pl\/index.php\/wp-json\/wp\/v2\/pages\/59","targetHints":{"allow":["GET"]}}],"collection":[{"href":"https:\/\/silvajp.web.amu.edu.pl\/index.php\/wp-json\/wp\/v2\/pages"}],"about":[{"href":"https:\/\/silvajp.web.amu.edu.pl\/index.php\/wp-json\/wp\/v2\/types\/page"}],"author":[{"embeddable":true,"href":"https:\/\/silvajp.web.amu.edu.pl\/index.php\/wp-json\/wp\/v2\/users\/1"}],"replies":[{"embeddable":true,"href":"https:\/\/silvajp.web.amu.edu.pl\/index.php\/wp-json\/wp\/v2\/comments?post=59"}],"version-history":[{"count":4,"href":"https:\/\/silvajp.web.amu.edu.pl\/index.php\/wp-json\/wp\/v2\/pages\/59\/revisions"}],"predecessor-version":[{"id":443,"href":"https:\/\/silvajp.web.amu.edu.pl\/index.php\/wp-json\/wp\/v2\/pages\/59\/revisions\/443"}],"wp:attachment":[{"href":"https:\/\/silvajp.web.amu.edu.pl\/index.php\/wp-json\/wp\/v2\/media?parent=59"}],"curies":[{"name":"wp","href":"https:\/\/api.w.org\/{rel}","templated":true}]}}