{"id":483,"date":"2026-01-15T14:18:56","date_gmt":"2026-01-15T13:18:56","guid":{"rendered":"https:\/\/silvajp.web.amu.edu.pl\/?page_id=483"},"modified":"2026-01-15T14:18:56","modified_gmt":"2026-01-15T13:18:56","slug":"advisory-board","status":"publish","type":"page","link":"https:\/\/silvajp.web.amu.edu.pl\/index.php\/advisory-board\/","title":{"rendered":"Advisory Board"},"content":{"rendered":"\n<p>Dr. Adam Bednarczyk, Nicolaus Copernicus University<br>Prof. Beata Bochorodycz, Adam Mickiewicz University<br>Prof. Carl Cassegard, University of Gothenburg<br>Prof. Ina Hein, University of Vienna<br>Prof. Machiko Hachiya, Kyushu University<br>Prof. Romuald Huszcza, University of Warsaw, Jagiellonian University<br>Prof. Arkadiusz Jab\u0142o\u0144ski, Adam Mickiewicz University<br>Dr. Maciej Kanert, independent researcher<br>Prof. Iwona Kordzi\u0144ska-Nawrocka, University of Warsaw<br>Prof. Agnieszka Kozyra, University of Warsaw, Jagiellonian University<br>Dr. K\u014dichi Kuyama, Tokyo University of Foreign Studies<br>Prof. Alfred F. Majewicz, International Institute of Ethnolinguistic<br>and Oriental Studies<br>Prof. Miko\u0142aj Melanowicz, University of Warsaw<br>Prof. Stanis\u0142aw Meyer, Jagiellonian University<br>Prof. Ewa Pa\u0142asz-Rutkowska, University of Warsaw<br>Prof. Ikuko Sagiyama, University of Florence<br>Prof. Ryoko Shiotsuki, Atomi University<br>Prof. Jan Sykora, Charles University<br>Dr. Aleksandra Szczechla, Jagiellonian University<br>Prof. Gabriele Vogt, Ludwig Maximilian University of Munich<br>Dr. Anna Zalewska, University of Warsaw<br>Prof. Estera \u017beromska, Adam Mickiewicz University<\/p>\n","protected":false},"excerpt":{"rendered":"<p>Dr. Adam Bednarczyk, Nicolaus Copernicus UniversityProf. Beata Bochorodycz, Adam Mickiewicz UniversityProf. Carl Cassegard, University of GothenburgProf. Ina Hein, University of ViennaProf. Machiko Hachiya, Kyushu UniversityProf. Romuald Huszcza, University of Warsaw, Jagiellonian UniversityProf. Arkadiusz Jab\u0142o\u0144ski, Adam Mickiewicz UniversityDr. Maciej Kanert, independent researcherProf. Iwona Kordzi\u0144ska-Nawrocka, University of WarsawProf. Agnieszka Kozyra, University of Warsaw, Jagiellonian UniversityDr. K\u014dichi Kuyama, [&hellip;]<\/p>\n","protected":false},"author":1,"featured_media":0,"parent":0,"menu_order":0,"comment_status":"closed","ping_status":"closed","template":"","meta":{"footnotes":""},"class_list":["post-483","page","type-page","status-publish","hentry"],"_links":{"self":[{"href":"https:\/\/silvajp.web.amu.edu.pl\/index.php\/wp-json\/wp\/v2\/pages\/483","targetHints":{"allow":["GET"]}}],"collection":[{"href":"https:\/\/silvajp.web.amu.edu.pl\/index.php\/wp-json\/wp\/v2\/pages"}],"about":[{"href":"https:\/\/silvajp.web.amu.edu.pl\/index.php\/wp-json\/wp\/v2\/types\/page"}],"author":[{"embeddable":true,"href":"https:\/\/silvajp.web.amu.edu.pl\/index.php\/wp-json\/wp\/v2\/users\/1"}],"replies":[{"embeddable":true,"href":"https:\/\/silvajp.web.amu.edu.pl\/index.php\/wp-json\/wp\/v2\/comments?post=483"}],"version-history":[{"count":1,"href":"https:\/\/silvajp.web.amu.edu.pl\/index.php\/wp-json\/wp\/v2\/pages\/483\/revisions"}],"predecessor-version":[{"id":484,"href":"https:\/\/silvajp.web.amu.edu.pl\/index.php\/wp-json\/wp\/v2\/pages\/483\/revisions\/484"}],"wp:attachment":[{"href":"https:\/\/silvajp.web.amu.edu.pl\/index.php\/wp-json\/wp\/v2\/media?parent=483"}],"curies":[{"name":"wp","href":"https:\/\/api.w.org\/{rel}","templated":true}]}}